{"id":11282,"date":"2026-01-31T20:10:34","date_gmt":"2026-01-31T19:10:34","guid":{"rendered":"https:\/\/kanu-gruppe-wilster.de\/?page_id=11282"},"modified":"2026-01-31T20:24:13","modified_gmt":"2026-01-31T19:24:13","slug":"bericht-der-jahreshauptversammlung-2026","status":"publish","type":"page","link":"https:\/\/kanu-gruppe-wilster.de\/index.php\/bericht-der-jahreshauptversammlung-2026\/","title":{"rendered":"Bericht der Jahreshauptversammlung 2026"},"content":{"rendered":"\n<p>Am Sonntag, den 25.01.2026, fand unsere diesj\u00e4hrige Jahreshauptversammlung 2026 wie \u00fcblich im Bootshaus statt. Die Versammlung war gut besucht. Ein H\u00f6hepunkt waren die Ehrungen der Vereinsmeister der Jugendlichen und Erwachsenen, die Ehrungen f\u00fcr langj\u00e4hrige Mitgliedschaft, die Ehrungen f\u00fcr besondere Verdienste um den Verein und die Wahlen. Die Versammlung verlief harmonisch und war in jedem Punkt erfolgreich. einen ausf\u00fchrlichen Bericht der WZ findet ihr unter dem <a href=\"https:\/\/kanu-gruppe-wilster.de\/wp-content\/uploads\/2026\/01\/m_26.01.29_Bericht-der-JHVS-der-WZ.pdf\">Link<\/a><\/p>\n\n\n\n<figure class=\"wp-block-image size-full\"><img loading=\"lazy\" width=\"666\" height=\"522\" src=\"https:\/\/kanu-gruppe-wilster.de\/wp-content\/uploads\/2026\/01\/Vorstand-2026.jpg\" alt=\"\" class=\"wp-image-11294\" srcset=\"https:\/\/kanu-gruppe-wilster.de\/wp-content\/uploads\/2026\/01\/Vorstand-2026.jpg 666w, https:\/\/kanu-gruppe-wilster.de\/wp-content\/uploads\/2026\/01\/Vorstand-2026-300x235.jpg 300w, https:\/\/kanu-gruppe-wilster.de\/wp-content\/uploads\/2026\/01\/Vorstand-2026-239x187.jpg 239w\" sizes=\"(max-width: 666px) 100vw, 666px\" \/><\/figure>\n\n\n\n<figure class=\"wp-block-image size-large\"><img loading=\"lazy\" width=\"1024\" height=\"683\" src=\"https:\/\/kanu-gruppe-wilster.de\/wp-content\/uploads\/2026\/01\/IMG_5837-1024x683.jpg\" alt=\"\" class=\"wp-image-11283\" srcset=\"https:\/\/kanu-gruppe-wilster.de\/wp-content\/uploads\/2026\/01\/IMG_5837-1024x683.jpg 1024w, https:\/\/kanu-gruppe-wilster.de\/wp-content\/uploads\/2026\/01\/IMG_5837-300x200.jpg 300w, https:\/\/kanu-gruppe-wilster.de\/wp-content\/uploads\/2026\/01\/IMG_5837-768x512.jpg 768w, https:\/\/kanu-gruppe-wilster.de\/wp-content\/uploads\/2026\/01\/IMG_5837-1536x1024.jpg 1536w, https:\/\/kanu-gruppe-wilster.de\/wp-content\/uploads\/2026\/01\/IMG_5837-2048x1365.jpg 2048w, https:\/\/kanu-gruppe-wilster.de\/wp-content\/uploads\/2026\/01\/IMG_5837-280x187.jpg 280w, https:\/\/kanu-gruppe-wilster.de\/wp-content\/uploads\/2026\/01\/IMG_5837-1170x780.jpg 1170w\" sizes=\"(max-width: 1024px) 100vw, 1024px\" \/><\/figure>\n\n\n\n<figure class=\"wp-block-image size-large\"><img loading=\"lazy\" width=\"1024\" height=\"683\" src=\"https:\/\/kanu-gruppe-wilster.de\/wp-content\/uploads\/2026\/01\/IMG_5838-1024x683.jpg\" alt=\"\" class=\"wp-image-11284\" srcset=\"https:\/\/kanu-gruppe-wilster.de\/wp-content\/uploads\/2026\/01\/IMG_5838-1024x683.jpg 1024w, https:\/\/kanu-gruppe-wilster.de\/wp-content\/uploads\/2026\/01\/IMG_5838-300x200.jpg 300w, https:\/\/kanu-gruppe-wilster.de\/wp-content\/uploads\/2026\/01\/IMG_5838-768x512.jpg 768w, https:\/\/kanu-gruppe-wilster.de\/wp-content\/uploads\/2026\/01\/IMG_5838-1536x1024.jpg 1536w, https:\/\/kanu-gruppe-wilster.de\/wp-content\/uploads\/2026\/01\/IMG_5838-2048x1365.jpg 2048w, https:\/\/kanu-gruppe-wilster.de\/wp-content\/uploads\/2026\/01\/IMG_5838-280x187.jpg 280w, https:\/\/kanu-gruppe-wilster.de\/wp-content\/uploads\/2026\/01\/IMG_5838-1170x780.jpg 1170w\" sizes=\"(max-width: 1024px) 100vw, 1024px\" \/><\/figure>\n\n\n\n<figure class=\"wp-block-image size-large\"><img loading=\"lazy\" width=\"1024\" height=\"683\" src=\"https:\/\/kanu-gruppe-wilster.de\/wp-content\/uploads\/2026\/01\/IMG_5839-1024x683.jpg\" alt=\"\" class=\"wp-image-11285\" srcset=\"https:\/\/kanu-gruppe-wilster.de\/wp-content\/uploads\/2026\/01\/IMG_5839-1024x683.jpg 1024w, https:\/\/kanu-gruppe-wilster.de\/wp-content\/uploads\/2026\/01\/IMG_5839-300x200.jpg 300w, https:\/\/kanu-gruppe-wilster.de\/wp-content\/uploads\/2026\/01\/IMG_5839-768x512.jpg 768w, https:\/\/kanu-gruppe-wilster.de\/wp-content\/uploads\/2026\/01\/IMG_5839-1536x1024.jpg 1536w, https:\/\/kanu-gruppe-wilster.de\/wp-content\/uploads\/2026\/01\/IMG_5839-2048x1365.jpg 2048w, https:\/\/kanu-gruppe-wilster.de\/wp-content\/uploads\/2026\/01\/IMG_5839-280x187.jpg 280w, https:\/\/kanu-gruppe-wilster.de\/wp-content\/uploads\/2026\/01\/IMG_5839-1170x780.jpg 1170w\" sizes=\"(max-width: 1024px) 100vw, 1024px\" \/><\/figure>\n\n\n\n<figure class=\"wp-block-image size-large\"><img loading=\"lazy\" width=\"1024\" height=\"987\" src=\"https:\/\/kanu-gruppe-wilster.de\/wp-content\/uploads\/2026\/01\/IMG_5841-1024x987.jpg\" alt=\"\" class=\"wp-image-11286\" srcset=\"https:\/\/kanu-gruppe-wilster.de\/wp-content\/uploads\/2026\/01\/IMG_5841-1024x987.jpg 1024w, https:\/\/kanu-gruppe-wilster.de\/wp-content\/uploads\/2026\/01\/IMG_5841-300x289.jpg 300w, https:\/\/kanu-gruppe-wilster.de\/wp-content\/uploads\/2026\/01\/IMG_5841-768x740.jpg 768w, https:\/\/kanu-gruppe-wilster.de\/wp-content\/uploads\/2026\/01\/IMG_5841-1536x1480.jpg 1536w, https:\/\/kanu-gruppe-wilster.de\/wp-content\/uploads\/2026\/01\/IMG_5841-2048x1974.jpg 2048w, https:\/\/kanu-gruppe-wilster.de\/wp-content\/uploads\/2026\/01\/IMG_5841-194x187.jpg 194w, https:\/\/kanu-gruppe-wilster.de\/wp-content\/uploads\/2026\/01\/IMG_5841-1170x1128.jpg 1170w\" sizes=\"(max-width: 1024px) 100vw, 1024px\" \/><\/figure>\n\n\n\n<figure class=\"wp-block-image size-large\"><img loading=\"lazy\" width=\"1024\" height=\"683\" src=\"https:\/\/kanu-gruppe-wilster.de\/wp-content\/uploads\/2026\/01\/IMG_5842-1024x683.jpg\" alt=\"\" class=\"wp-image-11287\" srcset=\"https:\/\/kanu-gruppe-wilster.de\/wp-content\/uploads\/2026\/01\/IMG_5842-1024x683.jpg 1024w, https:\/\/kanu-gruppe-wilster.de\/wp-content\/uploads\/2026\/01\/IMG_5842-300x200.jpg 300w, https:\/\/kanu-gruppe-wilster.de\/wp-content\/uploads\/2026\/01\/IMG_5842-768x512.jpg 768w, https:\/\/kanu-gruppe-wilster.de\/wp-content\/uploads\/2026\/01\/IMG_5842-1536x1024.jpg 1536w, https:\/\/kanu-gruppe-wilster.de\/wp-content\/uploads\/2026\/01\/IMG_5842-2048x1365.jpg 2048w, https:\/\/kanu-gruppe-wilster.de\/wp-content\/uploads\/2026\/01\/IMG_5842-280x187.jpg 280w, https:\/\/kanu-gruppe-wilster.de\/wp-content\/uploads\/2026\/01\/IMG_5842-1170x780.jpg 1170w\" sizes=\"(max-width: 1024px) 100vw, 1024px\" \/><\/figure>\n\n\n\n<figure class=\"wp-block-image size-large\"><img loading=\"lazy\" width=\"981\" height=\"1024\" src=\"https:\/\/kanu-gruppe-wilster.de\/wp-content\/uploads\/2026\/01\/IMG_5843-981x1024.jpg\" alt=\"\" class=\"wp-image-11288\" srcset=\"https:\/\/kanu-gruppe-wilster.de\/wp-content\/uploads\/2026\/01\/IMG_5843-981x1024.jpg 981w, https:\/\/kanu-gruppe-wilster.de\/wp-content\/uploads\/2026\/01\/IMG_5843-287x300.jpg 287w, https:\/\/kanu-gruppe-wilster.de\/wp-content\/uploads\/2026\/01\/IMG_5843-768x801.jpg 768w, https:\/\/kanu-gruppe-wilster.de\/wp-content\/uploads\/2026\/01\/IMG_5843-1472x1536.jpg 1472w, https:\/\/kanu-gruppe-wilster.de\/wp-content\/uploads\/2026\/01\/IMG_5843-1962x2048.jpg 1962w, https:\/\/kanu-gruppe-wilster.de\/wp-content\/uploads\/2026\/01\/IMG_5843-179x187.jpg 179w, https:\/\/kanu-gruppe-wilster.de\/wp-content\/uploads\/2026\/01\/IMG_5843-1170x1221.jpg 1170w\" sizes=\"(max-width: 981px) 100vw, 981px\" \/><\/figure>\n\n\n\n<figure class=\"wp-block-image size-large\"><img loading=\"lazy\" width=\"1024\" height=\"905\" src=\"https:\/\/kanu-gruppe-wilster.de\/wp-content\/uploads\/2026\/01\/IMG_5844-1024x905.jpg\" alt=\"\" class=\"wp-image-11289\" srcset=\"https:\/\/kanu-gruppe-wilster.de\/wp-content\/uploads\/2026\/01\/IMG_5844-1024x905.jpg 1024w, https:\/\/kanu-gruppe-wilster.de\/wp-content\/uploads\/2026\/01\/IMG_5844-300x265.jpg 300w, https:\/\/kanu-gruppe-wilster.de\/wp-content\/uploads\/2026\/01\/IMG_5844-768x679.jpg 768w, https:\/\/kanu-gruppe-wilster.de\/wp-content\/uploads\/2026\/01\/IMG_5844-1536x1358.jpg 1536w, https:\/\/kanu-gruppe-wilster.de\/wp-content\/uploads\/2026\/01\/IMG_5844-2048x1811.jpg 2048w, https:\/\/kanu-gruppe-wilster.de\/wp-content\/uploads\/2026\/01\/IMG_5844-212x187.jpg 212w, https:\/\/kanu-gruppe-wilster.de\/wp-content\/uploads\/2026\/01\/IMG_5844-1170x1034.jpg 1170w\" sizes=\"(max-width: 1024px) 100vw, 1024px\" \/><\/figure>\n\n\n\n<figure class=\"wp-block-image size-large\"><img loading=\"lazy\" width=\"1024\" height=\"964\" src=\"https:\/\/kanu-gruppe-wilster.de\/wp-content\/uploads\/2026\/01\/IMG_5845-1024x964.jpg\" alt=\"\" class=\"wp-image-11290\" srcset=\"https:\/\/kanu-gruppe-wilster.de\/wp-content\/uploads\/2026\/01\/IMG_5845-1024x964.jpg 1024w, https:\/\/kanu-gruppe-wilster.de\/wp-content\/uploads\/2026\/01\/IMG_5845-300x283.jpg 300w, https:\/\/kanu-gruppe-wilster.de\/wp-content\/uploads\/2026\/01\/IMG_5845-768x723.jpg 768w, https:\/\/kanu-gruppe-wilster.de\/wp-content\/uploads\/2026\/01\/IMG_5845-1536x1447.jpg 1536w, https:\/\/kanu-gruppe-wilster.de\/wp-content\/uploads\/2026\/01\/IMG_5845-2048x1929.jpg 2048w, https:\/\/kanu-gruppe-wilster.de\/wp-content\/uploads\/2026\/01\/IMG_5845-199x187.jpg 199w, https:\/\/kanu-gruppe-wilster.de\/wp-content\/uploads\/2026\/01\/IMG_5845-1170x1102.jpg 1170w\" sizes=\"(max-width: 1024px) 100vw, 1024px\" \/><\/figure>\n\n\n\n<figure class=\"wp-block-image size-large\"><img loading=\"lazy\" width=\"1024\" height=\"901\" src=\"https:\/\/kanu-gruppe-wilster.de\/wp-content\/uploads\/2026\/01\/IMG_5847-1024x901.jpg\" alt=\"\" class=\"wp-image-11291\" srcset=\"https:\/\/kanu-gruppe-wilster.de\/wp-content\/uploads\/2026\/01\/IMG_5847-1024x901.jpg 1024w, https:\/\/kanu-gruppe-wilster.de\/wp-content\/uploads\/2026\/01\/IMG_5847-300x264.jpg 300w, https:\/\/kanu-gruppe-wilster.de\/wp-content\/uploads\/2026\/01\/IMG_5847-768x675.jpg 768w, https:\/\/kanu-gruppe-wilster.de\/wp-content\/uploads\/2026\/01\/IMG_5847-1536x1351.jpg 1536w, https:\/\/kanu-gruppe-wilster.de\/wp-content\/uploads\/2026\/01\/IMG_5847-2048x1801.jpg 2048w, https:\/\/kanu-gruppe-wilster.de\/wp-content\/uploads\/2026\/01\/IMG_5847-213x187.jpg 213w, https:\/\/kanu-gruppe-wilster.de\/wp-content\/uploads\/2026\/01\/IMG_5847-1170x1029.jpg 1170w\" sizes=\"(max-width: 1024px) 100vw, 1024px\" \/><\/figure>\n\n\n\n<figure class=\"wp-block-image size-large\"><img loading=\"lazy\" width=\"1024\" height=\"751\" src=\"https:\/\/kanu-gruppe-wilster.de\/wp-content\/uploads\/2026\/01\/IMG_5848-1024x751.jpg\" alt=\"\" class=\"wp-image-11292\" srcset=\"https:\/\/kanu-gruppe-wilster.de\/wp-content\/uploads\/2026\/01\/IMG_5848-1024x751.jpg 1024w, https:\/\/kanu-gruppe-wilster.de\/wp-content\/uploads\/2026\/01\/IMG_5848-300x220.jpg 300w, https:\/\/kanu-gruppe-wilster.de\/wp-content\/uploads\/2026\/01\/IMG_5848-768x563.jpg 768w, https:\/\/kanu-gruppe-wilster.de\/wp-content\/uploads\/2026\/01\/IMG_5848-1536x1127.jpg 1536w, https:\/\/kanu-gruppe-wilster.de\/wp-content\/uploads\/2026\/01\/IMG_5848-2048x1502.jpg 2048w, https:\/\/kanu-gruppe-wilster.de\/wp-content\/uploads\/2026\/01\/IMG_5848-255x187.jpg 255w, https:\/\/kanu-gruppe-wilster.de\/wp-content\/uploads\/2026\/01\/IMG_5848-1170x858.jpg 1170w\" sizes=\"(max-width: 1024px) 100vw, 1024px\" \/><\/figure>\n\n\n\n<figure class=\"wp-block-image size-large\"><img loading=\"lazy\" width=\"1024\" height=\"702\" src=\"https:\/\/kanu-gruppe-wilster.de\/wp-content\/uploads\/2026\/01\/IMG_5849-1024x702.jpg\" alt=\"\" class=\"wp-image-11293\" srcset=\"https:\/\/kanu-gruppe-wilster.de\/wp-content\/uploads\/2026\/01\/IMG_5849-1024x702.jpg 1024w, https:\/\/kanu-gruppe-wilster.de\/wp-content\/uploads\/2026\/01\/IMG_5849-300x206.jpg 300w, https:\/\/kanu-gruppe-wilster.de\/wp-content\/uploads\/2026\/01\/IMG_5849-768x527.jpg 768w, https:\/\/kanu-gruppe-wilster.de\/wp-content\/uploads\/2026\/01\/IMG_5849-1536x1053.jpg 1536w, https:\/\/kanu-gruppe-wilster.de\/wp-content\/uploads\/2026\/01\/IMG_5849-2048x1404.jpg 2048w, https:\/\/kanu-gruppe-wilster.de\/wp-content\/uploads\/2026\/01\/IMG_5849-273x187.jpg 273w, https:\/\/kanu-gruppe-wilster.de\/wp-content\/uploads\/2026\/01\/IMG_5849-1170x802.jpg 1170w\" sizes=\"(max-width: 1024px) 100vw, 1024px\" \/><\/figure>\n","protected":false},"excerpt":{"rendered":"<p>Am Sonntag, den 25.01.2026, fand unsere diesj\u00e4hrige Jahreshauptversammlung 2026 wie \u00fcblich im Bootshaus statt. Die Versammlung war gut besucht. Ein H\u00f6hepunkt waren die Ehrungen der Vereinsmeister der Jugendlichen und Erwachsenen, die Ehrungen f\u00fcr langj\u00e4hrige Mitgliedschaft, die Ehrungen f\u00fcr besondere Verdienste um den Verein und die Wahlen. Die Versammlung verlief harmonisch und war in jedem Punkt<\/p>\n","protected":false},"author":2,"featured_media":0,"parent":0,"menu_order":0,"comment_status":"closed","ping_status":"closed","template":"","meta":{"ngg_post_thumbnail":0},"yoast_head":"<!-- This site is optimized with the Yoast SEO plugin v19.0 - https:\/\/yoast.com\/wordpress\/plugins\/seo\/ -->\n<title>Bericht der Jahreshauptversammlung 2026 &ndash; Kanu Gruppe Wilster e.V.<\/title>\n<meta name=\"robots\" content=\"index, follow, max-snippet:-1, max-image-preview:large, max-video-preview:-1\" \/>\n<link rel=\"canonical\" href=\"https:\/\/kanu-gruppe-wilster.de\/index.php\/bericht-der-jahreshauptversammlung-2026\/\" \/>\n<meta property=\"og:locale\" content=\"de_DE\" \/>\n<meta property=\"og:type\" content=\"article\" \/>\n<meta property=\"og:title\" content=\"Bericht der Jahreshauptversammlung 2026 &ndash; Kanu Gruppe Wilster e.V.\" \/>\n<meta property=\"og:description\" content=\"Am Sonntag, den 25.01.2026, fand unsere diesj\u00e4hrige Jahreshauptversammlung 2026 wie \u00fcblich im Bootshaus statt. Die Versammlung war gut besucht. Ein H\u00f6hepunkt waren die Ehrungen der Vereinsmeister der Jugendlichen und Erwachsenen, die Ehrungen f\u00fcr langj\u00e4hrige Mitgliedschaft, die Ehrungen f\u00fcr besondere Verdienste um den Verein und die Wahlen. Die Versammlung verlief harmonisch und war in jedem Punkt\" \/>\n<meta property=\"og:url\" content=\"https:\/\/kanu-gruppe-wilster.de\/index.php\/bericht-der-jahreshauptversammlung-2026\/\" \/>\n<meta property=\"og:site_name\" content=\"Kanu Gruppe Wilster e.V.\" \/>\n<meta property=\"article:modified_time\" content=\"2026-01-31T19:24:13+00:00\" \/>\n<meta property=\"og:image\" content=\"https:\/\/kanu-gruppe-wilster.de\/wp-content\/uploads\/2026\/01\/Vorstand-2026.jpg\" \/>\n<meta name=\"twitter:card\" content=\"summary\" \/>\n<meta name=\"twitter:label1\" content=\"Gesch\u00e4tzte Lesezeit\" \/>\n\t<meta name=\"twitter:data1\" content=\"3\u00a0Minuten\" \/>\n<script type=\"application\/ld+json\" class=\"yoast-schema-graph\">{\"@context\":\"https:\/\/schema.org\",\"@graph\":[{\"@type\":\"WebSite\",\"@id\":\"https:\/\/kanu-gruppe-wilster.de\/#website\",\"url\":\"https:\/\/kanu-gruppe-wilster.de\/\",\"name\":\"Kanu Gruppe Wilster e.V.\",\"description\":\"Kanuverein an der Wilster Au\",\"potentialAction\":[{\"@type\":\"SearchAction\",\"target\":{\"@type\":\"EntryPoint\",\"urlTemplate\":\"https:\/\/kanu-gruppe-wilster.de\/?s={search_term_string}\"},\"query-input\":\"required name=search_term_string\"}],\"inLanguage\":\"de\"},{\"@type\":\"ImageObject\",\"inLanguage\":\"de\",\"@id\":\"https:\/\/kanu-gruppe-wilster.de\/index.php\/bericht-der-jahreshauptversammlung-2026\/#primaryimage\",\"url\":\"https:\/\/kanu-gruppe-wilster.de\/wp-content\/uploads\/2026\/01\/Vorstand-2026.jpg\",\"contentUrl\":\"https:\/\/kanu-gruppe-wilster.de\/wp-content\/uploads\/2026\/01\/Vorstand-2026.jpg\",\"width\":666,\"height\":522},{\"@type\":\"WebPage\",\"@id\":\"https:\/\/kanu-gruppe-wilster.de\/index.php\/bericht-der-jahreshauptversammlung-2026\/#webpage\",\"url\":\"https:\/\/kanu-gruppe-wilster.de\/index.php\/bericht-der-jahreshauptversammlung-2026\/\",\"name\":\"Bericht der Jahreshauptversammlung 2026 &ndash; Kanu Gruppe Wilster e.V.\",\"isPartOf\":{\"@id\":\"https:\/\/kanu-gruppe-wilster.de\/#website\"},\"primaryImageOfPage\":{\"@id\":\"https:\/\/kanu-gruppe-wilster.de\/index.php\/bericht-der-jahreshauptversammlung-2026\/#primaryimage\"},\"datePublished\":\"2026-01-31T19:10:34+00:00\",\"dateModified\":\"2026-01-31T19:24:13+00:00\",\"breadcrumb\":{\"@id\":\"https:\/\/kanu-gruppe-wilster.de\/index.php\/bericht-der-jahreshauptversammlung-2026\/#breadcrumb\"},\"inLanguage\":\"de\",\"potentialAction\":[{\"@type\":\"ReadAction\",\"target\":[\"https:\/\/kanu-gruppe-wilster.de\/index.php\/bericht-der-jahreshauptversammlung-2026\/\"]}]},{\"@type\":\"BreadcrumbList\",\"@id\":\"https:\/\/kanu-gruppe-wilster.de\/index.php\/bericht-der-jahreshauptversammlung-2026\/#breadcrumb\",\"itemListElement\":[{\"@type\":\"ListItem\",\"position\":1,\"name\":\"Startseite\",\"item\":\"https:\/\/kanu-gruppe-wilster.de\/\"},{\"@type\":\"ListItem\",\"position\":2,\"name\":\"Bericht der Jahreshauptversammlung 2026\"}]}]}<\/script>\n<!-- \/ Yoast SEO plugin. -->","yoast_head_json":{"title":"Bericht der Jahreshauptversammlung 2026 &ndash; Kanu Gruppe Wilster e.V.","robots":{"index":"index","follow":"follow","max-snippet":"max-snippet:-1","max-image-preview":"max-image-preview:large","max-video-preview":"max-video-preview:-1"},"canonical":"https:\/\/kanu-gruppe-wilster.de\/index.php\/bericht-der-jahreshauptversammlung-2026\/","og_locale":"de_DE","og_type":"article","og_title":"Bericht der Jahreshauptversammlung 2026 &ndash; Kanu Gruppe Wilster e.V.","og_description":"Am Sonntag, den 25.01.2026, fand unsere diesj\u00e4hrige Jahreshauptversammlung 2026 wie \u00fcblich im Bootshaus statt. Die Versammlung war gut besucht. Ein H\u00f6hepunkt waren die Ehrungen der Vereinsmeister der Jugendlichen und Erwachsenen, die Ehrungen f\u00fcr langj\u00e4hrige Mitgliedschaft, die Ehrungen f\u00fcr besondere Verdienste um den Verein und die Wahlen. Die Versammlung verlief harmonisch und war in jedem Punkt","og_url":"https:\/\/kanu-gruppe-wilster.de\/index.php\/bericht-der-jahreshauptversammlung-2026\/","og_site_name":"Kanu Gruppe Wilster e.V.","article_modified_time":"2026-01-31T19:24:13+00:00","og_image":[{"url":"https:\/\/kanu-gruppe-wilster.de\/wp-content\/uploads\/2026\/01\/Vorstand-2026.jpg"}],"twitter_card":"summary","twitter_misc":{"Gesch\u00e4tzte Lesezeit":"3\u00a0Minuten"},"schema":{"@context":"https:\/\/schema.org","@graph":[{"@type":"WebSite","@id":"https:\/\/kanu-gruppe-wilster.de\/#website","url":"https:\/\/kanu-gruppe-wilster.de\/","name":"Kanu Gruppe Wilster e.V.","description":"Kanuverein an der Wilster Au","potentialAction":[{"@type":"SearchAction","target":{"@type":"EntryPoint","urlTemplate":"https:\/\/kanu-gruppe-wilster.de\/?s={search_term_string}"},"query-input":"required name=search_term_string"}],"inLanguage":"de"},{"@type":"ImageObject","inLanguage":"de","@id":"https:\/\/kanu-gruppe-wilster.de\/index.php\/bericht-der-jahreshauptversammlung-2026\/#primaryimage","url":"https:\/\/kanu-gruppe-wilster.de\/wp-content\/uploads\/2026\/01\/Vorstand-2026.jpg","contentUrl":"https:\/\/kanu-gruppe-wilster.de\/wp-content\/uploads\/2026\/01\/Vorstand-2026.jpg","width":666,"height":522},{"@type":"WebPage","@id":"https:\/\/kanu-gruppe-wilster.de\/index.php\/bericht-der-jahreshauptversammlung-2026\/#webpage","url":"https:\/\/kanu-gruppe-wilster.de\/index.php\/bericht-der-jahreshauptversammlung-2026\/","name":"Bericht der Jahreshauptversammlung 2026 &ndash; Kanu Gruppe Wilster e.V.","isPartOf":{"@id":"https:\/\/kanu-gruppe-wilster.de\/#website"},"primaryImageOfPage":{"@id":"https:\/\/kanu-gruppe-wilster.de\/index.php\/bericht-der-jahreshauptversammlung-2026\/#primaryimage"},"datePublished":"2026-01-31T19:10:34+00:00","dateModified":"2026-01-31T19:24:13+00:00","breadcrumb":{"@id":"https:\/\/kanu-gruppe-wilster.de\/index.php\/bericht-der-jahreshauptversammlung-2026\/#breadcrumb"},"inLanguage":"de","potentialAction":[{"@type":"ReadAction","target":["https:\/\/kanu-gruppe-wilster.de\/index.php\/bericht-der-jahreshauptversammlung-2026\/"]}]},{"@type":"BreadcrumbList","@id":"https:\/\/kanu-gruppe-wilster.de\/index.php\/bericht-der-jahreshauptversammlung-2026\/#breadcrumb","itemListElement":[{"@type":"ListItem","position":1,"name":"Startseite","item":"https:\/\/kanu-gruppe-wilster.de\/"},{"@type":"ListItem","position":2,"name":"Bericht der Jahreshauptversammlung 2026"}]}]}},"_links":{"self":[{"href":"https:\/\/kanu-gruppe-wilster.de\/index.php\/wp-json\/wp\/v2\/pages\/11282"}],"collection":[{"href":"https:\/\/kanu-gruppe-wilster.de\/index.php\/wp-json\/wp\/v2\/pages"}],"about":[{"href":"https:\/\/kanu-gruppe-wilster.de\/index.php\/wp-json\/wp\/v2\/types\/page"}],"author":[{"embeddable":true,"href":"https:\/\/kanu-gruppe-wilster.de\/index.php\/wp-json\/wp\/v2\/users\/2"}],"replies":[{"embeddable":true,"href":"https:\/\/kanu-gruppe-wilster.de\/index.php\/wp-json\/wp\/v2\/comments?post=11282"}],"version-history":[{"count":3,"href":"https:\/\/kanu-gruppe-wilster.de\/index.php\/wp-json\/wp\/v2\/pages\/11282\/revisions"}],"predecessor-version":[{"id":11298,"href":"https:\/\/kanu-gruppe-wilster.de\/index.php\/wp-json\/wp\/v2\/pages\/11282\/revisions\/11298"}],"wp:attachment":[{"href":"https:\/\/kanu-gruppe-wilster.de\/index.php\/wp-json\/wp\/v2\/media?parent=11282"}],"curies":[{"name":"wp","href":"https:\/\/api.w.org\/{rel}","templated":true}]}}